{"id":554,"date":"2025-06-01T06:11:49","date_gmt":"2025-06-01T06:11:49","guid":{"rendered":"https:\/\/joecerros.com\/?page_id=554"},"modified":"2025-06-01T07:21:06","modified_gmt":"2025-06-01T07:21:06","slug":"disclaimer","status":"publish","type":"page","link":"https:\/\/joecerros.com\/index.php\/disclaimer\/","title":{"rendered":"JCRMG INC Disclaimer"},"content":{"rendered":"<div class=\"wp-block-image\">\n<figure class=\"aligncenter size-full is-resized\"><img loading=\"lazy\" decoding=\"async\" width=\"1024\" height=\"1024\" src=\"https:\/\/joecerros.com\/wp-content\/uploads\/2025\/02\/1000041557.png\" alt=\"\" class=\"wp-image-336\" style=\"width:374px;height:auto\" srcset=\"https:\/\/joecerros.com\/wp-content\/uploads\/2025\/02\/1000041557.png 1024w, https:\/\/joecerros.com\/wp-content\/uploads\/2025\/02\/1000041557-300x300.png 300w, https:\/\/joecerros.com\/wp-content\/uploads\/2025\/02\/1000041557-150x150.png 150w, https:\/\/joecerros.com\/wp-content\/uploads\/2025\/02\/1000041557-768x768.png 768w\" sizes=\"auto, (max-width: 1024px) 100vw, 1024px\" \/><\/figure>\n<\/div>\n\n\n<p class=\"has-white-color has-vivid-green-cyan-background-color has-text-color has-background has-link-color wp-elements-99adfddf5b7ac96a15191b0dd2a6f109\"><strong><strong>Unlocking Doors to Your Dream Home<\/strong><\/strong><\/p>\n\n\n\n<figure class=\"wp-block-embed is-type-video is-provider-youtube wp-block-embed-youtube wp-embed-aspect-16-9 wp-has-aspect-ratio\"><div class=\"wp-block-embed__wrapper\">\n<iframe loading=\"lazy\" title=\"What are closing cost? What are Pre-Paids? What is buying points donws mean? JCRMG INC\" width=\"1170\" height=\"658\" src=\"https:\/\/www.youtube.com\/embed\/fYZ0UKbirS4?feature=oembed\" frameborder=\"0\" allow=\"accelerometer; autoplay; clipboard-write; encrypted-media; gyroscope; picture-in-picture; web-share\" referrerpolicy=\"strict-origin-when-cross-origin\" allowfullscreen><\/iframe>\n<\/div><\/figure>\n\n\n<div class=\"wp-block-image\">\n<figure class=\"aligncenter size-large is-resized\"><img loading=\"lazy\" decoding=\"async\" width=\"872\" height=\"1024\" src=\"https:\/\/joecerros.com\/wp-content\/uploads\/2024\/02\/EQUAL-HOUSING-872x1024.jpg\" alt=\"JCRMG INC Real Estate Mortgage Broker and Equal Housing Opportunity\" class=\"wp-image-120\" style=\"width:125px;height:auto\" srcset=\"https:\/\/joecerros.com\/wp-content\/uploads\/2024\/02\/EQUAL-HOUSING-872x1024.jpg 872w, https:\/\/joecerros.com\/wp-content\/uploads\/2024\/02\/EQUAL-HOUSING-255x300.jpg 255w, https:\/\/joecerros.com\/wp-content\/uploads\/2024\/02\/EQUAL-HOUSING-768x902.jpg 768w, https:\/\/joecerros.com\/wp-content\/uploads\/2024\/02\/EQUAL-HOUSING-1307x1536.jpg 1307w, https:\/\/joecerros.com\/wp-content\/uploads\/2024\/02\/EQUAL-HOUSING-1743x2048.jpg 1743w\" sizes=\"auto, (max-width: 872px) 100vw, 872px\" \/><\/figure>\n<\/div>\n\n\n<p class=\"has-white-color has-vivid-purple-background-color has-text-color has-background has-link-color wp-elements-f320280b55660e4fd767c26482b7eebc\">Equal Housing Opportunity &#8211; Po Box 803 Lawndale CA 90260 NMLS 2418994 DRE 02173635<\/p>\n\n\n\n<p class=\"has-white-color has-vivid-green-cyan-background-color has-text-color has-background has-link-color wp-elements-e290b09138beb8a9b59e35aade525ad7\">Joe Frank Cerros Broker\/MLO\/Realtor NMLS 240041 DRE 01356767 &#8211; Doing business in California only &#8211; For licensing information go to&nbsp; <a href=\"http:\/\/www.nmlsconsumeraccess.org\">http:\/\/www.nmlsconsumeraccess.org<\/a> &amp; <a href=\"http:\/\/www.dre.ca.gov\">http:\/\/www.dre.ca.gov<\/a> Disclaimer Subject to credit approval &#8211; For informational purposes only. This is not a commitment to lend or extend credit. All loans are subject to credit approval. Other restrictions may apply. Licensed by the California Department of Real Estate. Loans Made or arranged pursuant to under the California Department of Real Estate Licensed 02173635. JCRMG INC Licensed by the Department of Real Estate &#8211; Real Estate Broker License Endorsement &#8211; CA DRE 02173635 &#8211; NMLS 2418994<\/p>\n\n\n\n<p class=\"has-white-color has-text-color has-link-color wp-elements-ad7421d1183c024fb2c2c45089115c7d\"><strong>Spanish:<\/strong><\/p>\n\n\n\n<pre class=\"wp-block-code has-white-color has-vivid-green-cyan-background-color has-text-color has-background has-link-color wp-elements-b2901e76c5a2394a609650237469864d\"><code>Igualdad de Oportunidades de Vivienda - Po Box 803 Lawndale CA 90260 NMLS 2418994 DRE 02173635\n\nJoe Frank Cerros Corredor\/MLO\/Agente de Bienes Ra\u00edces NMLS 240041 DRE 01356767 - Haciendo negocios solo en California - Para informaci\u00f3n sobre licencias, visite http:\/\/www.nmlsconsumeraccess.org y http:\/\/www.dre.ca.gov Descargo de responsabilidad: Sujeto a aprobaci\u00f3n de cr\u00e9dito - Solo para fines informativos. Esto no es un compromiso para prestar o extender cr\u00e9dito. Todos los pr\u00e9stamos est\u00e1n sujetos a aprobaci\u00f3n de cr\u00e9dito. Pueden aplicarse otras restricciones. Licenciado por el Departamento de Bienes Ra\u00edces de California. Pr\u00e9stamos hechos o arreglados bajo la licencia del Departamento de Bienes Ra\u00edces de California 02173635. JCRMG INC Licenciado por el Departamento de Bienes Ra\u00edces - Endoso de Licencia de Corredor de Bienes Ra\u00edces - CA Dre 02173635 - NMLS 2418994\n<\/code><\/pre>\n\n\n\n<p class=\"has-white-color has-text-color has-link-color wp-elements-5f9c1c762f81f3de4ac3687cc6e8672b\"><strong>Tagalog:<\/strong><\/p>\n\n\n\n<pre class=\"wp-block-code has-white-color has-vivid-green-cyan-background-color has-text-color has-background has-link-color wp-elements-7d4cfee4f4b380648828855874fca24d\"><code>Pantay na Pagkakataon sa Pabahay - Po Box 803 Lawndale CA 90260 NMLS 2418994 DRE 02173635\n\nJoe Frank Cerros Broker\/MLO\/Realtor NMLS 240041 DRE 01356767 - Nagnenegosyo lamang sa California - Para sa impormasyon sa paglilisensya, pumunta sa http:\/\/www.nmlsconsumeraccess.org at http:\/\/www.dre.ca.gov Paalala: Nakadepende sa pag-apruba ng kredito - Para lamang sa mga layuning pang-impormasyon. Ito ay hindi isang pangako na magpahiram o magbigay ng kredito. Ang lahat ng mga pautang ay nakadepende sa pag-apruba ng kredito. Maaaring may iba pang mga limitasyon. Lisensyado ng California Department of Real Estate. Ang mga pautang ay ginawa o inayos alinsunod sa lisensya ng California Department of Real Estate 02173635. JCRMG INC Lisensyado ng Department of Real Estate - Real Estate Broker License Endorsement - CA Dre 02173635 - NMLS 2418994<\/code><\/pre>\n\n\n\n<p class=\"has-vivid-green-cyan-background-color has-background\">JCRMG INC &#8211; Real Estate Mortgage Broker &#8211; Keys to your home &#8211; PO BOX 803 Lawndale CA 90260 NMLS 2418994 DRE 02173635<\/p>\n\n\n<div class=\"wp-block-image\">\n<figure class=\"aligncenter size-large is-resized\"><img loading=\"lazy\" decoding=\"async\" width=\"872\" height=\"1024\" src=\"https:\/\/joecerros.com\/wp-content\/uploads\/2024\/02\/EQUAL-HOUSING-872x1024.jpg\" alt=\"\" class=\"wp-image-120\" style=\"width:125px;height:auto\" srcset=\"https:\/\/joecerros.com\/wp-content\/uploads\/2024\/02\/EQUAL-HOUSING-872x1024.jpg 872w, https:\/\/joecerros.com\/wp-content\/uploads\/2024\/02\/EQUAL-HOUSING-255x300.jpg 255w, https:\/\/joecerros.com\/wp-content\/uploads\/2024\/02\/EQUAL-HOUSING-768x902.jpg 768w, https:\/\/joecerros.com\/wp-content\/uploads\/2024\/02\/EQUAL-HOUSING-1307x1536.jpg 1307w, https:\/\/joecerros.com\/wp-content\/uploads\/2024\/02\/EQUAL-HOUSING-1743x2048.jpg 1743w\" sizes=\"auto, (max-width: 872px) 100vw, 872px\" \/><\/figure>\n<\/div>\n\n\n<p class=\"has-luminous-vivid-amber-color has-vivid-purple-background-color has-text-color has-background has-link-color wp-elements-ce2305cd91dfa918c8eb4ebdc867fcf3\"><strong>JCRMG INC Real Estate Mortgage \u2013 (C) Copyrighted by JCRMG INC 2024 \u2013 2050<\/strong><\/p>\n\n\n<div class=\"wp-block-image\">\n<figure class=\"aligncenter\"><a href=\"https:\/\/www.chamberofcommerce.com\/business-directory\/california\/apple-valley\/mortgage-broker\/2033537339-jcrmg-inc?source=memberwebsite\"><img decoding=\"async\" src=\"https:\/\/coc.codes\/images\/badge\/2033537339\" alt=\"\"\/><\/a><\/figure>\n<\/div>","protected":false},"excerpt":{"rendered":"<p>Unlocking Doors to Your Dream Home Equal Housing Opportunity &#8211; Po Box 803 Lawndale CA 90260 NMLS 2418994 DRE 02173635 Joe Frank Cerros Broker\/MLO\/Realtor NMLS 240041 DRE 01356767 &#8211; Doing business in California only &#8211; For licensing information go to&nbsp;<\/p>\n<p><a href=\"https:\/\/joecerros.com\/index.php\/disclaimer\/\" class=\"awp-btn awp-btn-secondary awp-btn-bubble\">Continue Reading<span class=\"screen-reader-text\">JCRMG INC Disclaimer<\/span><i class=\"fa fa-arrow-right\"><\/i><span class=\"bubble_effect\"><span class=\"circle top-left\"><\/span><span class=\"circle top-left\"><\/span><span class=\"circle top-left\"><\/span>\t<span class=\"button effect-button\"><\/span><span class=\"circle bottom-right\"><\/span>\t<span class=\"circle bottom-right\"><\/span><span class=\"circle bottom-right\"><\/span><\/span><\/a><\/p>\n","protected":false},"author":1,"featured_media":0,"parent":0,"menu_order":0,"comment_status":"closed","ping_status":"closed","template":"","meta":{"footnotes":""},"class_list":["post-554","page","type-page","status-publish","hentry"],"_links":{"self":[{"href":"https:\/\/joecerros.com\/index.php\/wp-json\/wp\/v2\/pages\/554","targetHints":{"allow":["GET"]}}],"collection":[{"href":"https:\/\/joecerros.com\/index.php\/wp-json\/wp\/v2\/pages"}],"about":[{"href":"https:\/\/joecerros.com\/index.php\/wp-json\/wp\/v2\/types\/page"}],"author":[{"embeddable":true,"href":"https:\/\/joecerros.com\/index.php\/wp-json\/wp\/v2\/users\/1"}],"replies":[{"embeddable":true,"href":"https:\/\/joecerros.com\/index.php\/wp-json\/wp\/v2\/comments?post=554"}],"version-history":[{"count":7,"href":"https:\/\/joecerros.com\/index.php\/wp-json\/wp\/v2\/pages\/554\/revisions"}],"predecessor-version":[{"id":586,"href":"https:\/\/joecerros.com\/index.php\/wp-json\/wp\/v2\/pages\/554\/revisions\/586"}],"wp:attachment":[{"href":"https:\/\/joecerros.com\/index.php\/wp-json\/wp\/v2\/media?parent=554"}],"curies":[{"name":"wp","href":"https:\/\/api.w.org\/{rel}","templated":true}]}}